{"id":12965,"date":"2024-02-22T22:34:31","date_gmt":"2024-02-23T01:34:31","guid":{"rendered":"https:\/\/inmersivas.com\/pt\/?page_id=12965"},"modified":"2025-12-13T23:23:55","modified_gmt":"2025-12-14T02:23:55","slug":"politica-de-privacidade","status":"publish","type":"page","link":"https:\/\/inmersivas.com\/pt\/politica-de-privacidade\/","title":{"rendered":"Pol\u00edtica de Privacidade"},"content":{"rendered":"\t\t<div data-elementor-type=\"wp-page\" data-elementor-id=\"12965\" class=\"elementor elementor-12965\">\n\t\t\t\t\t\t<section class=\"elementor-section elementor-top-section elementor-element elementor-element-1beb3ac9 elementor-section-boxed elementor-section-gap-beside-yes elementor-section-height-default elementor-section-height-default elementor-section-column-vertical-align-stretch\" data-id=\"1beb3ac9\" data-element_type=\"section\" data-e-type=\"section\">\n\t\t\t\t\t\t<div class=\"elementor-container elementor-column-gap-extended\">\n\t\t\t\t\t<div class=\"elementor-column elementor-col-100 elementor-top-column elementor-element elementor-element-7fd9f4a5\" data-id=\"7fd9f4a5\" data-element_type=\"column\" data-e-type=\"column\">\n\t\t\t<div class=\"elementor-widget-wrap elementor-element-populated\">\n\t\t\t\t\t\t<div class=\"elementor-element elementor-element-7c545be3 elementor-widget elementor-widget-text-editor\" data-id=\"7c545be3\" data-element_type=\"widget\" data-e-type=\"widget\" data-widget_type=\"text-editor.default\">\n\t\t\t\t<div class=\"elementor-widget-container\">\n\t\t\t\t\t\t\t\t\t<h2><strong>Pol\u00edtica de Privacidade<\/strong><\/h2>  \n\n<p>Sua privacidade \u00e9 importante para n\u00f3s. \u00c9 pol\u00edtica da <strong>Inmersivas\u00ae<\/strong> respeitar a sua privacidade em rela\u00e7\u00e3o a qualquer informa\u00e7\u00e3o que possamos coletar no site da Inmersivas\u00ae e em outros sites que possu\u00edmos e operamos.<\/p>  \n\n<p>Solicitamos informa\u00e7\u00f5es pessoais apenas quando realmente precisamos delas para fornecer um servi\u00e7o. Coletamos essas informa\u00e7\u00f5es por meios justos e legais, com o seu conhecimento e consentimento. Tamb\u00e9m informamos o motivo da coleta e como essas informa\u00e7\u00f5es ser\u00e3o utilizadas.<\/p>  \n\n<p>Mantemos as informa\u00e7\u00f5es coletadas apenas pelo tempo necess\u00e1rio para fornecer o servi\u00e7o solicitado. Quando armazenamos dados, protegemos utilizando meios comercialmente aceit\u00e1veis para evitar perda, roubo, acesso n\u00e3o autorizado, divulga\u00e7\u00e3o, c\u00f3pia, uso ou modifica\u00e7\u00e3o.<\/p>  \n\n<p>N\u00e3o compartilhamos informa\u00e7\u00f5es de identifica\u00e7\u00e3o pessoal publicamente nem com terceiros, exceto quando exigido por lei.<\/p>  \n\n<p>Nosso site pode conter links para sites externos que n\u00e3o s\u00e3o operados por n\u00f3s. Esteja ciente de que n\u00e3o temos controle sobre o conte\u00fado e as pr\u00e1ticas desses sites, e n\u00e3o podemos nos responsabilizar por suas respectivas pol\u00edticas de privacidade.<\/p>  \n\n<p>Voc\u00ea \u00e9 livre para recusar nossa solicita\u00e7\u00e3o de informa\u00e7\u00f5es pessoais, entendendo que talvez n\u00e3o possamos fornecer alguns dos servi\u00e7os desejados.<\/p>  \n\n<p>O uso cont\u00ednuo do nosso site ser\u00e1 considerado como aceita\u00e7\u00e3o das nossas pr\u00e1ticas em rela\u00e7\u00e3o \u00e0 privacidade e \u00e0s informa\u00e7\u00f5es pessoais. Caso tenha d\u00favidas sobre como lidamos com dados e informa\u00e7\u00f5es de usu\u00e1rios, entre em contato conosco.<\/p>  \n\n<hr \/>  \n\n<h2><strong>Pol\u00edtica de Cookies: O que s\u00e3o Cookies?<\/strong><\/h2>  \n<p>Como \u00e9 pr\u00e1tica comum em quase todos os sites profissionais, este site utiliza cookies \u2014 pequenos arquivos baixados no seu computador \u2014 para melhorar sua experi\u00eancia. Esta se\u00e7\u00e3o descreve quais informa\u00e7\u00f5es eles coletam, como os utilizamos e por que \u00e0s vezes precisamos armazen\u00e1-los. Tamb\u00e9m explicaremos como impedir o armazenamento desses cookies, embora isso possa afetar a funcionalidade do site.<\/p>  \n\n<hr \/>  \n\n<h3><strong>Como Utilizamos os Cookies<\/strong><\/h3>  \n<p>Usamos cookies por diversos motivos detalhados abaixo. Infelizmente, na maioria dos casos, n\u00e3o h\u00e1 op\u00e7\u00f5es padr\u00e3o para desativar cookies sem desabilitar completamente as funcionalidades que eles adicionam. \u00c9 recomend\u00e1vel manter todos os cookies ativados, a menos que voc\u00ea tenha certeza de que n\u00e3o precisa deles, pois podem ser usados para fornecer um servi\u00e7o que voc\u00ea utiliza.<\/p>  \n\n<hr \/>  \n\n<h3><strong>Desativando Cookies<\/strong><\/h3>  \n<p>Voc\u00ea pode impedir a configura\u00e7\u00e3o de cookies ajustando as configura\u00e7\u00f5es do seu navegador (consulte a ajuda do navegador para saber como fazer isso). Esteja ciente de que desativar os cookies afetar\u00e1 a funcionalidade deste e de muitos outros sites que voc\u00ea visita. Desativar cookies geralmente resultar\u00e1 na desativa\u00e7\u00e3o de determinadas funcionalidades deste site. Portanto, \u00e9 recomend\u00e1vel n\u00e3o desativ\u00e1-los.<\/p>  \n\n<hr \/>  \n\n<h3><strong>Cookies que Utilizamos<\/strong><\/h3>  \n<ul>  \n<li><strong>Cookies relacionados \u00e0 conta:<\/strong> ao criar uma conta, usamos cookies para gerenciar o processo de cadastro e administra\u00e7\u00e3o geral. Esses cookies geralmente s\u00e3o exclu\u00eddos ao sair, mas podem permanecer para lembrar suas prefer\u00eancias.<\/li>  \n<li><strong>Cookies de login:<\/strong> usamos cookies enquanto voc\u00ea est\u00e1 conectado para lembrar essa a\u00e7\u00e3o e evitar que precise fazer login novamente em cada p\u00e1gina. Normalmente, esses cookies s\u00e3o removidos ao sair.<\/li>  \n<li><strong>Cookies relacionados \u00e0 newsletter:<\/strong> este site oferece servi\u00e7os de inscri\u00e7\u00e3o por e-mail, e cookies podem ser usados para lembrar se voc\u00ea j\u00e1 est\u00e1 registrado e exibir notifica\u00e7\u00f5es espec\u00edficas.<\/li>  \n<li><strong>Cookies de processamento de pedidos:<\/strong> utilizados para garantir que seu pedido seja lembrado entre p\u00e1ginas, permitindo o correto processamento da compra.<\/li>  \n<li><strong>Cookies de pesquisas:<\/strong> podem ser usados para lembrar sua participa\u00e7\u00e3o em question\u00e1rios ou fornecer resultados precisos ao navegar entre p\u00e1ginas.<\/li>  \n<li><strong>Cookies de formul\u00e1rios:<\/strong> quando voc\u00ea envia dados por meio de formul\u00e1rios (como contato ou coment\u00e1rios), cookies podem armazenar suas informa\u00e7\u00f5es para futuras intera\u00e7\u00f5es.<\/li>  \n<li><strong>Cookies de prefer\u00eancias do site:<\/strong> permitem que o site se lembre das suas configura\u00e7\u00f5es e prefer\u00eancias para oferecer uma experi\u00eancia personalizada.<\/li>  \n<\/ul>  \n\n<hr \/>  \n\n<h3><strong>Cookies de Terceiros<\/strong><\/h3>  \n<p>Em alguns casos, tamb\u00e9m utilizamos cookies fornecidos por terceiros confi\u00e1veis. O exemplo mais comum \u00e9 o uso do <strong>Google Analytics<\/strong>, uma das solu\u00e7\u00f5es de an\u00e1lise mais confi\u00e1veis da web, que nos ajuda a entender como voc\u00ea usa o site e como podemos melhorar sua experi\u00eancia. Esses cookies podem rastrear informa\u00e7\u00f5es como o tempo de perman\u00eancia e as p\u00e1ginas visitadas.<\/p>  \n\n<p>Para mais informa\u00e7\u00f5es, visite a <a href=\"https:\/\/analytics.google.com\/\" target=\"_new\" rel=\"noopener\">p\u00e1gina oficial do Google Analytics<\/a>.<\/p>  \n\n<p>Tamb\u00e9m realizamos testes e pequenas melhorias na forma como o site \u00e9 exibido. Durante esses testes, cookies podem ser usados para garantir uma experi\u00eancia consistente e entender quais otimiza\u00e7\u00f5es os usu\u00e1rios mais apreciam.<\/p>  \n\n<p>Como vendemos produtos, \u00e9 importante entender estat\u00edsticas sobre quantos visitantes realizam compras. Esses cookies nos ajudam a tomar decis\u00f5es mais precisas e aprimorar nossas ofertas.<\/p>  \n\n<hr \/>  \n\n<h2><strong>Compromisso do Usu\u00e1rio<\/strong><\/h2>  \n<p>O usu\u00e1rio se compromete a utilizar o conte\u00fado e as informa\u00e7\u00f5es fornecidas pela <strong>Inmersivas\u00ae<\/strong> de forma adequada, incluindo, mas n\u00e3o se limitando a:<\/p>  \n\n<p>A) N\u00e3o realizar atividades ilegais ou contr\u00e1rias \u00e0 boa f\u00e9 e \u00e0 ordem p\u00fablica;<br \/>  \nB) N\u00e3o difundir propaganda ou conte\u00fado de car\u00e1ter racista, xen\u00f3fobo, de jogo de azar, pornografia ilegal, apologia ao terrorismo ou contra os direitos humanos;<br \/>  \nC) N\u00e3o causar danos aos sistemas f\u00edsicos (hardware) e l\u00f3gicos (software) da <strong>Inmersivas\u00ae<\/strong>, de seus provedores ou de terceiros, nem introduzir ou disseminar v\u00edrus ou outros sistemas nocivos.<\/p>  \n\n<hr \/>  \n\n<h2><strong>Mais Informa\u00e7\u00f5es<\/strong><\/h2>  \n<p>Esperamos que esta pol\u00edtica tenha esclarecido suas d\u00favidas. Como mencionado anteriormente, se voc\u00ea n\u00e3o tiver certeza sobre a necessidade de cookies, \u00e9 geralmente mais seguro mant\u00ea-los ativados, pois podem interagir com recursos que voc\u00ea utiliza em nosso site.<\/p>  \n\n<p><strong>Esta pol\u00edtica \u00e9 v\u00e1lida a partir de janeiro de 2021.<\/strong><\/p>\n\t\t\t\t\t\t\t\t<\/div>\n\t\t\t\t<\/div>\n\t\t\t\t\t<\/div>\n\t\t<\/div>\n\t\t\t\t\t<\/div>\n\t\t<\/section>\n\t\t\t\t<\/div>\n\t\t","protected":false},"excerpt":{"rendered":"<p>Pol\u00edtica de Privacidade Sua privacidade \u00e9 importante para n\u00f3s. \u00c9 pol\u00edtica da Inmersivas\u00ae respeitar a sua privacidade em rela\u00e7\u00e3o a qualquer informa\u00e7\u00e3o que possamos coletar no site da Inmersivas\u00ae e em outros sites que possu\u00edmos e operamos. Solicitamos informa\u00e7\u00f5es pessoais apenas quando realmente precisamos delas para fornecer um servi\u00e7o. Coletamos essas informa\u00e7\u00f5es por meios justos e legais, com o seu conhecimento e consentimento. Tamb\u00e9m informamos o motivo da coleta e como essas informa\u00e7\u00f5es ser\u00e3o utilizadas. Mantemos as informa\u00e7\u00f5es coletadas apenas pelo tempo necess\u00e1rio para fornecer o servi\u00e7o solicitado. Quando armazenamos dados, protegemos utilizando meios comercialmente aceit\u00e1veis para evitar perda, roubo, acesso n\u00e3o autorizado, divulga\u00e7\u00e3o, c\u00f3pia, uso ou modifica\u00e7\u00e3o. N\u00e3o compartilhamos informa\u00e7\u00f5es de identifica\u00e7\u00e3o pessoal publicamente nem com terceiros, exceto quando exigido por lei. Nosso site pode conter links para sites externos que n\u00e3o s\u00e3o operados por n\u00f3s. Esteja ciente de que n\u00e3o temos controle sobre o conte\u00fado e as pr\u00e1ticas desses sites, e n\u00e3o podemos nos responsabilizar por suas respectivas pol\u00edticas de privacidade. Voc\u00ea \u00e9 livre para recusar nossa solicita\u00e7\u00e3o de informa\u00e7\u00f5es pessoais, entendendo que talvez n\u00e3o possamos fornecer alguns dos servi\u00e7os desejados. O uso cont\u00ednuo do nosso site ser\u00e1 considerado como aceita\u00e7\u00e3o das nossas pr\u00e1ticas em rela\u00e7\u00e3o \u00e0 privacidade e \u00e0s informa\u00e7\u00f5es pessoais. Caso tenha d\u00favidas sobre como lidamos com dados e informa\u00e7\u00f5es de usu\u00e1rios, entre em contato conosco. Pol\u00edtica de Cookies: O que s\u00e3o Cookies? Como \u00e9 pr\u00e1tica comum em quase todos os sites profissionais, este site utiliza cookies \u2014 pequenos arquivos baixados no seu computador \u2014 para melhorar sua experi\u00eancia. Esta se\u00e7\u00e3o descreve quais informa\u00e7\u00f5es eles coletam, como os utilizamos e por que \u00e0s vezes precisamos armazen\u00e1-los. Tamb\u00e9m explicaremos como impedir o armazenamento desses cookies, embora isso possa afetar a funcionalidade do site. Como Utilizamos os Cookies Usamos cookies por diversos motivos detalhados abaixo. Infelizmente, na maioria dos casos, n\u00e3o h\u00e1 op\u00e7\u00f5es padr\u00e3o para desativar cookies sem desabilitar completamente as funcionalidades que eles adicionam. \u00c9 recomend\u00e1vel manter todos os cookies ativados, a menos que voc\u00ea tenha certeza de que n\u00e3o precisa deles, pois podem ser usados para fornecer um servi\u00e7o que voc\u00ea utiliza. Desativando Cookies Voc\u00ea pode impedir a configura\u00e7\u00e3o de cookies ajustando as configura\u00e7\u00f5es do seu navegador (consulte a ajuda do navegador para saber como fazer isso). Esteja ciente de que desativar os cookies afetar\u00e1 a funcionalidade deste e de muitos outros sites que voc\u00ea visita. Desativar cookies geralmente resultar\u00e1 na desativa\u00e7\u00e3o de determinadas funcionalidades deste site. Portanto, \u00e9 recomend\u00e1vel n\u00e3o desativ\u00e1-los. Cookies que Utilizamos Cookies relacionados \u00e0 conta: ao criar uma conta, usamos cookies para gerenciar o processo de cadastro e administra\u00e7\u00e3o geral. Esses cookies geralmente s\u00e3o exclu\u00eddos ao sair, mas podem permanecer para lembrar suas prefer\u00eancias. Cookies de login: usamos cookies enquanto voc\u00ea est\u00e1 conectado para lembrar essa a\u00e7\u00e3o e evitar que precise fazer login novamente em cada p\u00e1gina. Normalmente, esses cookies s\u00e3o removidos ao sair. Cookies relacionados \u00e0 newsletter: este site oferece servi\u00e7os de inscri\u00e7\u00e3o por e-mail, e cookies podem ser usados para lembrar se voc\u00ea j\u00e1 est\u00e1 registrado e exibir notifica\u00e7\u00f5es espec\u00edficas. Cookies de processamento de pedidos: utilizados para garantir que seu pedido seja lembrado entre p\u00e1ginas, permitindo o correto processamento da compra. Cookies de pesquisas: podem ser usados para lembrar sua participa\u00e7\u00e3o em question\u00e1rios ou fornecer resultados precisos ao navegar entre p\u00e1ginas. Cookies de formul\u00e1rios: quando voc\u00ea envia dados por meio de formul\u00e1rios (como contato ou coment\u00e1rios), cookies podem armazenar suas informa\u00e7\u00f5es para futuras intera\u00e7\u00f5es. Cookies de prefer\u00eancias do site: permitem que o site se lembre das suas configura\u00e7\u00f5es e prefer\u00eancias para oferecer uma experi\u00eancia personalizada. Cookies de Terceiros Em alguns casos, tamb\u00e9m utilizamos cookies fornecidos por terceiros confi\u00e1veis. O exemplo mais comum \u00e9 o uso do Google Analytics, uma das solu\u00e7\u00f5es de an\u00e1lise mais confi\u00e1veis da web, que nos ajuda a entender como voc\u00ea usa o site e como podemos melhorar sua experi\u00eancia. Esses cookies podem rastrear informa\u00e7\u00f5es como o tempo de perman\u00eancia e as p\u00e1ginas visitadas. Para mais informa\u00e7\u00f5es, visite a p\u00e1gina oficial do Google Analytics. Tamb\u00e9m realizamos testes e pequenas melhorias na forma como o site \u00e9 exibido. Durante esses testes, cookies podem ser usados para garantir uma experi\u00eancia consistente e entender quais otimiza\u00e7\u00f5es os usu\u00e1rios mais apreciam. Como vendemos produtos, \u00e9 importante entender estat\u00edsticas sobre quantos visitantes realizam compras. Esses cookies nos ajudam a tomar decis\u00f5es mais precisas e aprimorar nossas ofertas. Compromisso do Usu\u00e1rio O usu\u00e1rio se compromete a utilizar o conte\u00fado e as informa\u00e7\u00f5es fornecidas pela Inmersivas\u00ae de forma adequada, incluindo, mas n\u00e3o se limitando a: A) N\u00e3o realizar atividades ilegais ou contr\u00e1rias \u00e0 boa f\u00e9 e \u00e0 ordem p\u00fablica; B) N\u00e3o difundir propaganda ou conte\u00fado de car\u00e1ter racista, xen\u00f3fobo, de jogo de azar, pornografia ilegal, apologia ao terrorismo ou contra os direitos humanos; C) N\u00e3o causar danos aos sistemas f\u00edsicos (hardware) e l\u00f3gicos (software) da Inmersivas\u00ae, de seus provedores ou de terceiros, nem introduzir ou disseminar v\u00edrus ou outros sistemas nocivos. Mais Informa\u00e7\u00f5es Esperamos que esta pol\u00edtica tenha esclarecido suas d\u00favidas. Como mencionado anteriormente, se voc\u00ea n\u00e3o tiver certeza sobre a necessidade de cookies, \u00e9 geralmente mais seguro mant\u00ea-los ativados, pois podem interagir com recursos que voc\u00ea utiliza em nosso site. Esta pol\u00edtica \u00e9 v\u00e1lida a partir de janeiro de 2021.<\/p>\n","protected":false},"author":1,"featured_media":0,"parent":0,"menu_order":16,"comment_status":"closed","ping_status":"closed","template":"","meta":{"_joinchat":[],"footnotes":""},"class_list":["post-12965","page","type-page","status-publish","hentry","post-no-thumbnail"],"_links":{"self":[{"href":"https:\/\/inmersivas.com\/pt\/wp-json\/wp\/v2\/pages\/12965","targetHints":{"allow":["GET"]}}],"collection":[{"href":"https:\/\/inmersivas.com\/pt\/wp-json\/wp\/v2\/pages"}],"about":[{"href":"https:\/\/inmersivas.com\/pt\/wp-json\/wp\/v2\/types\/page"}],"author":[{"embeddable":true,"href":"https:\/\/inmersivas.com\/pt\/wp-json\/wp\/v2\/users\/1"}],"replies":[{"embeddable":true,"href":"https:\/\/inmersivas.com\/pt\/wp-json\/wp\/v2\/comments?post=12965"}],"version-history":[{"count":15,"href":"https:\/\/inmersivas.com\/pt\/wp-json\/wp\/v2\/pages\/12965\/revisions"}],"predecessor-version":[{"id":20288,"href":"https:\/\/inmersivas.com\/pt\/wp-json\/wp\/v2\/pages\/12965\/revisions\/20288"}],"wp:attachment":[{"href":"https:\/\/inmersivas.com\/pt\/wp-json\/wp\/v2\/media?parent=12965"}],"curies":[{"name":"wp","href":"https:\/\/api.w.org\/{rel}","templated":true}]}}