{"id":12968,"date":"2024-02-22T22:36:15","date_gmt":"2024-02-23T01:36:15","guid":{"rendered":"https:\/\/inmersivas.com\/pt\/?page_id=12968"},"modified":"2025-12-13T23:24:17","modified_gmt":"2025-12-14T02:24:17","slug":"termos-de-uso","status":"publish","type":"page","link":"https:\/\/inmersivas.com\/pt\/termos-de-uso\/","title":{"rendered":"Termos de Uso"},"content":{"rendered":"\t\t<div data-elementor-type=\"wp-page\" data-elementor-id=\"12968\" class=\"elementor elementor-12968\">\n\t\t\t\t\t\t<section class=\"elementor-section elementor-top-section elementor-element elementor-element-32222012 elementor-section-boxed elementor-section-gap-beside-yes elementor-section-height-default elementor-section-height-default elementor-section-column-vertical-align-stretch\" data-id=\"32222012\" data-element_type=\"section\" data-e-type=\"section\">\n\t\t\t\t\t\t<div class=\"elementor-container elementor-column-gap-extended\">\n\t\t\t\t\t<div class=\"elementor-column elementor-col-100 elementor-top-column elementor-element elementor-element-544d8d5c\" data-id=\"544d8d5c\" data-element_type=\"column\" data-e-type=\"column\">\n\t\t\t<div class=\"elementor-widget-wrap elementor-element-populated\">\n\t\t\t\t\t\t<div class=\"elementor-element elementor-element-1534078b elementor-widget elementor-widget-text-editor\" data-id=\"1534078b\" data-element_type=\"widget\" data-e-type=\"widget\" data-widget_type=\"text-editor.default\">\n\t\t\t\t<div class=\"elementor-widget-container\">\n\t\t\t\t\t\t\t\t\t<h2><strong>Termos de Uso<\/strong><\/h2>  \n\n<h3>1. Termos<\/h3>  \n<p>Ao acessar o site da <strong>Inmersivas\u00ae<\/strong>, voc\u00ea concorda em cumprir estes termos de servi\u00e7o, todas as leis e regulamentos aplic\u00e1veis e concorda que \u00e9 respons\u00e1vel pelo cumprimento de quaisquer leis locais relevantes. Se voc\u00ea n\u00e3o concordar com algum destes termos, est\u00e1 proibido de usar ou acessar este site. Os materiais contidos neste site s\u00e3o protegidos pelas leis de direitos autorais e marcas registradas aplic\u00e1veis.<\/p>  \n\n<hr \/>  \n\n<h3>2. Licen\u00e7a de Uso<\/h3>  \n<p>\u00c9 concedida permiss\u00e3o para baixar temporariamente uma c\u00f3pia dos materiais (informa\u00e7\u00f5es ou software) no site da <strong>Inmersivas\u00ae<\/strong> apenas para visualiza\u00e7\u00e3o pessoal, n\u00e3o comercial e tempor\u00e1ria. Esta \u00e9 a concess\u00e3o de uma licen\u00e7a, n\u00e3o uma transfer\u00eancia de propriedade, e sob esta licen\u00e7a voc\u00ea n\u00e3o pode:<\/p>  \n\n<ul>  \n<li>modificar ou copiar os materiais;<\/li>  \n<li>usar os materiais para qualquer finalidade comercial ou para exibi\u00e7\u00e3o p\u00fablica (comercial ou n\u00e3o comercial);<\/li>  \n<li>tentar descompilar ou fazer engenharia reversa de qualquer software contido no site da Inmersivas\u00ae;<\/li>  \n<li>remover quaisquer avisos de direitos autorais ou outras indica\u00e7\u00f5es de propriedade dos materiais; ou<\/li>  \n<li>transferir os materiais para outra pessoa ou \u201cespelhar\u201d os materiais em qualquer outro servidor.<\/li>  \n<\/ul>  \n\n<p>Esta licen\u00e7a ser\u00e1 automaticamente encerrada se voc\u00ea violar qualquer uma dessas restri\u00e7\u00f5es e poder\u00e1 ser encerrada pela <strong>Inmersivas\u00ae<\/strong> a qualquer momento. Ao encerrar a visualiza\u00e7\u00e3o desses materiais ou ao t\u00e9rmino desta licen\u00e7a, voc\u00ea deve destruir quaisquer materiais baixados em sua posse, seja em formato eletr\u00f4nico ou impresso.<\/p>  \n\n<hr \/>  \n\n<h3>3. Isen\u00e7\u00e3o de Responsabilidade<\/h3>  \n<p>Os materiais no site da <strong>Inmersivas\u00ae<\/strong> s\u00e3o fornecidos \u201ccomo est\u00e3o\u201d. A Inmersivas\u00ae n\u00e3o oferece garantias, expressas ou impl\u00edcitas, e por meio deste documento nega e exclui todas as outras garantias, incluindo, sem limita\u00e7\u00e3o, garantias impl\u00edcitas de comercializa\u00e7\u00e3o, adequa\u00e7\u00e3o a um prop\u00f3sito espec\u00edfico ou n\u00e3o viola\u00e7\u00e3o de propriedade intelectual ou outros direitos.<\/p>  \n\n<p>Al\u00e9m disso, a <strong>Inmersivas\u00ae<\/strong> n\u00e3o garante nem faz declara\u00e7\u00f5es sobre a precis\u00e3o, resultados prov\u00e1veis ou confiabilidade do uso dos materiais em seu site, nem sobre quaisquer materiais vinculados a este site.<\/p>  \n\n<hr \/>  \n\n<h3>4. Limita\u00e7\u00f5es<\/h3>  \n<p>Em nenhum caso a <strong>Inmersivas\u00ae<\/strong> ou seus fornecedores ser\u00e3o respons\u00e1veis por quaisquer danos (incluindo, sem limita\u00e7\u00e3o, danos por perda de dados ou lucros, ou interrup\u00e7\u00e3o de neg\u00f3cios) decorrentes do uso ou da incapacidade de usar os materiais do site da Inmersivas\u00ae, mesmo que a Inmersivas\u00ae ou um representante autorizado tenha sido notificado, oralmente ou por escrito, sobre a possibilidade de tais danos. Algumas jurisdi\u00e7\u00f5es n\u00e3o permitem limita\u00e7\u00f5es em garantias impl\u00edcitas ou limita\u00e7\u00f5es de responsabilidade por danos consequenciais ou incidentais, portanto essas limita\u00e7\u00f5es podem n\u00e3o se aplicar a voc\u00ea.<\/p>  \n\n<hr \/>  \n\n<h3>5. Precis\u00e3o dos Materiais<\/h3>  \n<p>Os materiais exibidos no site da <strong>Inmersivas\u00ae<\/strong> podem conter erros t\u00e9cnicos, tipogr\u00e1ficos ou fotogr\u00e1ficos. A Inmersivas\u00ae n\u00e3o garante que quaisquer materiais em seu site sejam precisos, completos ou atuais, embora se esforce para mant\u00ea-los o mais corretos poss\u00edvel. A Inmersivas\u00ae pode fazer altera\u00e7\u00f5es nos materiais contidos em seu site a qualquer momento, sem aviso pr\u00e9vio. No entanto, a Inmersivas\u00ae n\u00e3o assume compromisso de atualizar os materiais.<\/p>  \n\n<hr \/>  \n\n<h3>6. Links<\/h3>  \n<p>A <strong>Inmersivas\u00ae<\/strong> n\u00e3o analisou todos os sites vinculados ao seu site e n\u00e3o \u00e9 respons\u00e1vel pelo conte\u00fado de nenhum site vinculado. A inclus\u00e3o de qualquer link n\u00e3o implica endosso pela Inmersivas\u00ae do site vinculado. O uso de qualquer site vinculado \u00e9 por conta e risco do usu\u00e1rio.<\/p>  \n\n<hr \/>  \n\n<h3>Modifica\u00e7\u00f5es<\/h3>  \n<p>A <strong>Inmersivas\u00ae<\/strong> pode revisar estes termos de servi\u00e7o a qualquer momento, sem aviso pr\u00e9vio. Ao usar este site, voc\u00ea concorda em estar vinculado \u00e0 vers\u00e3o mais recente destes termos de servi\u00e7o.<\/p>  \n\n<hr \/>  \n\n<h3>Lei Aplic\u00e1vel<\/h3>  \n<p>Estes termos e condi\u00e7\u00f5es s\u00e3o regidos e interpretados de acordo com as leis aplic\u00e1veis \u00e0 <strong>Inmersivas\u00ae<\/strong>, e voc\u00ea concorda irrevogavelmente em submeter-se \u00e0 jurisdi\u00e7\u00e3o exclusiva dos tribunais desse estado ou localidade.<\/p>\n\t\t\t\t\t\t\t\t<\/div>\n\t\t\t\t<\/div>\n\t\t\t\t\t<\/div>\n\t\t<\/div>\n\t\t\t\t\t<\/div>\n\t\t<\/section>\n\t\t\t\t<\/div>\n\t\t","protected":false},"excerpt":{"rendered":"<p>Termos de Uso 1. Termos Ao acessar o site da Inmersivas\u00ae, voc\u00ea concorda em cumprir estes termos de servi\u00e7o, todas as leis e regulamentos aplic\u00e1veis e concorda que \u00e9 respons\u00e1vel pelo cumprimento de quaisquer leis locais relevantes. Se voc\u00ea n\u00e3o concordar com algum destes termos, est\u00e1 proibido de usar ou acessar este site. Os materiais contidos neste site s\u00e3o protegidos pelas leis de direitos autorais e marcas registradas aplic\u00e1veis. 2. Licen\u00e7a de Uso \u00c9 concedida permiss\u00e3o para baixar temporariamente uma c\u00f3pia dos materiais (informa\u00e7\u00f5es ou software) no site da Inmersivas\u00ae apenas para visualiza\u00e7\u00e3o pessoal, n\u00e3o comercial e tempor\u00e1ria. Esta \u00e9 a concess\u00e3o de uma licen\u00e7a, n\u00e3o uma transfer\u00eancia de propriedade, e sob esta licen\u00e7a voc\u00ea n\u00e3o pode: modificar ou copiar os materiais; usar os materiais para qualquer finalidade comercial ou para exibi\u00e7\u00e3o p\u00fablica (comercial ou n\u00e3o comercial); tentar descompilar ou fazer engenharia reversa de qualquer software contido no site da Inmersivas\u00ae; remover quaisquer avisos de direitos autorais ou outras indica\u00e7\u00f5es de propriedade dos materiais; ou transferir os materiais para outra pessoa ou \u201cespelhar\u201d os materiais em qualquer outro servidor. Esta licen\u00e7a ser\u00e1 automaticamente encerrada se voc\u00ea violar qualquer uma dessas restri\u00e7\u00f5es e poder\u00e1 ser encerrada pela Inmersivas\u00ae a qualquer momento. Ao encerrar a visualiza\u00e7\u00e3o desses materiais ou ao t\u00e9rmino desta licen\u00e7a, voc\u00ea deve destruir quaisquer materiais baixados em sua posse, seja em formato eletr\u00f4nico ou impresso. 3. Isen\u00e7\u00e3o de Responsabilidade Os materiais no site da Inmersivas\u00ae s\u00e3o fornecidos \u201ccomo est\u00e3o\u201d. A Inmersivas\u00ae n\u00e3o oferece garantias, expressas ou impl\u00edcitas, e por meio deste documento nega e exclui todas as outras garantias, incluindo, sem limita\u00e7\u00e3o, garantias impl\u00edcitas de comercializa\u00e7\u00e3o, adequa\u00e7\u00e3o a um prop\u00f3sito espec\u00edfico ou n\u00e3o viola\u00e7\u00e3o de propriedade intelectual ou outros direitos. Al\u00e9m disso, a Inmersivas\u00ae n\u00e3o garante nem faz declara\u00e7\u00f5es sobre a precis\u00e3o, resultados prov\u00e1veis ou confiabilidade do uso dos materiais em seu site, nem sobre quaisquer materiais vinculados a este site. 4. Limita\u00e7\u00f5es Em nenhum caso a Inmersivas\u00ae ou seus fornecedores ser\u00e3o respons\u00e1veis por quaisquer danos (incluindo, sem limita\u00e7\u00e3o, danos por perda de dados ou lucros, ou interrup\u00e7\u00e3o de neg\u00f3cios) decorrentes do uso ou da incapacidade de usar os materiais do site da Inmersivas\u00ae, mesmo que a Inmersivas\u00ae ou um representante autorizado tenha sido notificado, oralmente ou por escrito, sobre a possibilidade de tais danos. Algumas jurisdi\u00e7\u00f5es n\u00e3o permitem limita\u00e7\u00f5es em garantias impl\u00edcitas ou limita\u00e7\u00f5es de responsabilidade por danos consequenciais ou incidentais, portanto essas limita\u00e7\u00f5es podem n\u00e3o se aplicar a voc\u00ea. 5. Precis\u00e3o dos Materiais Os materiais exibidos no site da Inmersivas\u00ae podem conter erros t\u00e9cnicos, tipogr\u00e1ficos ou fotogr\u00e1ficos. A Inmersivas\u00ae n\u00e3o garante que quaisquer materiais em seu site sejam precisos, completos ou atuais, embora se esforce para mant\u00ea-los o mais corretos poss\u00edvel. A Inmersivas\u00ae pode fazer altera\u00e7\u00f5es nos materiais contidos em seu site a qualquer momento, sem aviso pr\u00e9vio. No entanto, a Inmersivas\u00ae n\u00e3o assume compromisso de atualizar os materiais. 6. Links A Inmersivas\u00ae n\u00e3o analisou todos os sites vinculados ao seu site e n\u00e3o \u00e9 respons\u00e1vel pelo conte\u00fado de nenhum site vinculado. A inclus\u00e3o de qualquer link n\u00e3o implica endosso pela Inmersivas\u00ae do site vinculado. O uso de qualquer site vinculado \u00e9 por conta e risco do usu\u00e1rio. Modifica\u00e7\u00f5es A Inmersivas\u00ae pode revisar estes termos de servi\u00e7o a qualquer momento, sem aviso pr\u00e9vio. Ao usar este site, voc\u00ea concorda em estar vinculado \u00e0 vers\u00e3o mais recente destes termos de servi\u00e7o. Lei Aplic\u00e1vel Estes termos e condi\u00e7\u00f5es s\u00e3o regidos e interpretados de acordo com as leis aplic\u00e1veis \u00e0 Inmersivas\u00ae, e voc\u00ea concorda irrevogavelmente em submeter-se \u00e0 jurisdi\u00e7\u00e3o exclusiva dos tribunais desse estado ou localidade.<\/p>\n","protected":false},"author":1,"featured_media":0,"parent":0,"menu_order":17,"comment_status":"closed","ping_status":"closed","template":"","meta":{"_joinchat":[],"footnotes":""},"class_list":["post-12968","page","type-page","status-publish","hentry","post-no-thumbnail"],"_links":{"self":[{"href":"https:\/\/inmersivas.com\/pt\/wp-json\/wp\/v2\/pages\/12968","targetHints":{"allow":["GET"]}}],"collection":[{"href":"https:\/\/inmersivas.com\/pt\/wp-json\/wp\/v2\/pages"}],"about":[{"href":"https:\/\/inmersivas.com\/pt\/wp-json\/wp\/v2\/types\/page"}],"author":[{"embeddable":true,"href":"https:\/\/inmersivas.com\/pt\/wp-json\/wp\/v2\/users\/1"}],"replies":[{"embeddable":true,"href":"https:\/\/inmersivas.com\/pt\/wp-json\/wp\/v2\/comments?post=12968"}],"version-history":[{"count":12,"href":"https:\/\/inmersivas.com\/pt\/wp-json\/wp\/v2\/pages\/12968\/revisions"}],"predecessor-version":[{"id":20292,"href":"https:\/\/inmersivas.com\/pt\/wp-json\/wp\/v2\/pages\/12968\/revisions\/20292"}],"wp:attachment":[{"href":"https:\/\/inmersivas.com\/pt\/wp-json\/wp\/v2\/media?parent=12968"}],"curies":[{"name":"wp","href":"https:\/\/api.w.org\/{rel}","templated":true}]}}